{"id":242,"date":"2026-04-20T16:34:54","date_gmt":"2026-04-20T15:34:54","guid":{"rendered":"https:\/\/huitres-hendaye.fr\/index.php\/mentions-legales\/"},"modified":"2026-04-20T16:34:54","modified_gmt":"2026-04-20T15:34:54","slug":"mentions-legales","status":"publish","type":"page","link":"https:\/\/huitres-hendaye.fr\/?page_id=242","title":{"rendered":"Mentions Legales"},"content":{"rendered":"\n<p><strong>Mentions l\u00e9gales<\/strong><\/p>\n\n\n\n<p>Le site leparcahuitres-hendaye.fr&nbsp;<br><br>Le site est h\u00e9berg\u00e9 par&nbsp;<\/p>\n\n\n\n<h5 class=\"wp-block-heading\">OVH<\/h5>\n\n\n\n<p>SAS au capital de 10 000 000 \u20ac&nbsp;<br>RCS Roubaix \u2013 Tourcoing 424 761 419 00045<br>Code APE 6202A<br>N\u00b0 TVA : FR 22 424 761 419<br>Si\u00e8ge social : 2 rue Kellermann \u2013 59100 Roubaix \u2013 France.<\/p>\n\n\n\n<p class=\"has-small-font-size\"><br><br>Administration du Site Lionel Aymoz lionelATleparcahuitres-hendaye.fr<br><br><br>Conform\u00e9ment \u00e0 la loi Informatique et Libert\u00e9s en date du 6 janvier 1978,&nbsp;<br><br>vous disposez d\u2019un droit d\u2019acc\u00e8s, de rectification, de modification et de&nbsp;<br><br>suppression concernant les donn\u00e9es qui vous concernent. Vous pouvez&nbsp;<br><br>exercer ce droit en envoyant un mail \u00e0 l\u2019adresse suivante :&nbsp;<br><br>infoATleparcahuitres-hendaye.fr<br><br>L\u2019acc\u00e8s au site est possible 24 heures sur 24, 7 jours sur 7, sauf en cas de&nbsp;<br><br>force majeure ou d\u2019un \u00e9v\u00e9nement hors du contr\u00f4le de leparcahuitres-hendaye.fr&nbsp; et sous&nbsp;<br><br>r\u00e9serve des \u00e9ventuelles pannes et interventions de maintenance n\u00e9cessaires&nbsp;<br><br>au bon fonctionnement du site et des mat\u00e9riels aff\u00e9rents.<br><br>La responsabilit\u00e9 de leparcahuitres-hendaye.fr&nbsp; ne saurait \u00eatre directement ou&nbsp;<br><br>indirectement retenue, \u00e0 quelque titre et pour quelque cause que ce soit :<br><br>\u2013 en cas de dommages r\u00e9sultant de transactions et\/ou \u00e9changes&nbsp;<br><br>d\u2019informations et\/ou de biens et services r\u00e9alis\u00e9s entre les utilisateurs de ce&nbsp;<br><br>site,<br>\u2013 en cas d\u2019interruption de service du site motiv\u00e9e par des op\u00e9rations de&nbsp;<br><br>maintenance ou par les comportements des utilisateurs du site,<br>\u2013 en cas d\u2019inaccessibilit\u00e9 et\/ou en cas d\u2019incapacit\u00e9 \u00e0 utiliser le site par tout&nbsp;<br><br>utilisateur du site,<br>\u2013 en cas de dommages d\u2019\u00e9quipements de toute forme que ce soit , de pertes&nbsp;<br><br>de donn\u00e9es, lors d\u2019une connexion au site,<br>\u2013 en cas de contamination des mat\u00e9riels informatiques des internautes&nbsp;<br><br>r\u00e9sultant de la propagation d\u2019un virus ou autres infections informatiques.<\/p>\n\n\n\n<div class=\"wp-block-group has-small-font-size\"><div class=\"wp-block-group__inner-container is-layout-constrained wp-block-group-is-layout-constrained\">\n<h4 class=\"wp-block-heading\">Informations sur le r\u00e8glement en ligne des litiges conform\u00e9ment \u00e0 l&rsquo;art. 14 paragr. 1 du RLL (R\u00e8glement en Ligne des Litiges) :<\/h4>\n\n\n\n<p>La Commission Europ\u00e9enne permet aux consommateurs de r\u00e9soudre les litiges en ligne sur l&rsquo;une de ses plateformes, conform\u00e9ment \u00e0 l&rsquo;art. 14 paragr. 1 du RLL. La plateforme (<a href=\"http:\/\/ec.europa.eu\/consumers\/odr\" target=\"_blank\" rel=\"noreferrer noopener\">https:\/\/webgate.ec.europa.eu\/odr\/main\/index.cfm?event=main.home.show&amp;lng=FR<\/a>) agit comme un site o\u00f9 les consommateurs peuvent essayer des r\u00e9gler hors tribunal des litiges survenus lors d&rsquo;achats de biens ou services en ligne.<\/p>\n<\/div><\/div>\n\n\n\n<blockquote class=\"wp-block-quote is-layout-flow wp-block-quote-is-layout-flow\">\n<p>Hi there! I&rsquo;m a bike messenger by day, aspiring actor by night, and this is my website. I live in Los Angeles, have a great dog named Jack, and I like pi\u00f1a coladas. (And gettin&rsquo; caught in the rain.)<\/p>\n<\/blockquote>\n\n\n\n<p>&#8230;or something like this:<\/p>\n\n\n\n<blockquote class=\"wp-block-quote is-layout-flow wp-block-quote-is-layout-flow\">\n<p>The XYZ Doohickey Company was founded in 1971, and has been providing quality doohickeys to the public ever since. Located in Gotham City, XYZ employs over 2,000 people and does all kinds of awesome things for the Gotham community.<\/p>\n<\/blockquote>\n\n\n\n<p>As a new WordPress user, you should go to <a href=\"https:\/\/huitres-hendaye.fr\/wp-admin\/\">your dashboard<\/a> to delete this page and create new pages for your content. Have fun!<\/p>\n\n\n","protected":false},"excerpt":{"rendered":"<p>Mentions l\u00e9gales Le site leparcahuitres-hendaye.fr&nbsp; Le site est h\u00e9berg\u00e9 par&nbsp; OVH SAS au capital de 10 000 000 \u20ac&nbsp;RCS Roubaix \u2013 Tourcoing 424 761 419 00045Code APE 6202AN\u00b0 TVA : FR 22 424 761 419Si\u00e8ge social : 2 rue Kellermann \u2013 59100 Roubaix \u2013 France. Administration du Site Lionel Aymoz lionelATleparcahuitres-hendaye.fr Conform\u00e9ment \u00e0 la loi [&hellip;]<\/p>\n","protected":false},"author":1,"featured_media":0,"parent":0,"menu_order":0,"comment_status":"closed","ping_status":"closed","template":"","meta":{"saved_in_kubio":true,"footnotes":""},"class_list":["post-242","page","type-page","status-publish","hentry"],"kubio_ai_page_context":{"short_desc":"","purpose":"general"},"_links":{"self":[{"href":"https:\/\/huitres-hendaye.fr\/index.php?rest_route=\/wp\/v2\/pages\/242","targetHints":{"allow":["GET"]}}],"collection":[{"href":"https:\/\/huitres-hendaye.fr\/index.php?rest_route=\/wp\/v2\/pages"}],"about":[{"href":"https:\/\/huitres-hendaye.fr\/index.php?rest_route=\/wp\/v2\/types\/page"}],"author":[{"embeddable":true,"href":"https:\/\/huitres-hendaye.fr\/index.php?rest_route=\/wp\/v2\/users\/1"}],"replies":[{"embeddable":true,"href":"https:\/\/huitres-hendaye.fr\/index.php?rest_route=%2Fwp%2Fv2%2Fcomments&post=242"}],"version-history":[{"count":0,"href":"https:\/\/huitres-hendaye.fr\/index.php?rest_route=\/wp\/v2\/pages\/242\/revisions"}],"wp:attachment":[{"href":"https:\/\/huitres-hendaye.fr\/index.php?rest_route=%2Fwp%2Fv2%2Fmedia&parent=242"}],"curies":[{"name":"wp","href":"https:\/\/api.w.org\/{rel}","templated":true}]}}